{"id":12,"date":"2020-05-02T14:56:00","date_gmt":"2020-05-02T14:56:00","guid":{"rendered":"https:\/\/gruene-runkel.de\/?page_id=12"},"modified":"2026-02-20T04:59:42","modified_gmt":"2026-02-20T03:59:42","slug":"impressum","status":"publish","type":"page","link":"https:\/\/gruene-runkel.de\/?page_id=12","title":{"rendered":"Impressum"},"content":{"rendered":"\n<div class=\"wp-block-group\"><div class=\"wp-block-group__inner-container is-layout-flow wp-block-group-is-layout-flow\">\n<div class=\"wp-block-group\"><div class=\"wp-block-group__inner-container is-layout-flow wp-block-group-is-layout-flow\">\n<p>Dieses Internetangebot wird unterhalten von B\u00dcNDNIS 90\/DIE GR\u00dcNEN  OV Runkel<\/p>\n<\/div><\/div>\n<\/div><\/div>\n\n\n\n<p>Vertreten durch den Fraktionsvorsitzenden Ulrich Eisenberg<br><\/p>\n\n\n\n<p>Postadresse:<\/p>\n\n\n\n<p>Br\u00fcckenstr. 12, 65594 Runkel<\/p>\n\n\n\n<p>Telefon: 06482\/941090<\/p>\n\n\n\n<p>E-Mail: info@gruene-runkel.de<\/p>\n\n\n\n<p>Zur Teilnahme an Streitbeilegungsverfahren sind wir nicht verpflichtet und nehmen auch nicht freiwillig teil.<\/p>\n\n\n\n<p><strong>Verantwortlich im Sinne \u00a7 5 Telemediengesetz (TMD):<\/strong><br>B\u00dcNDNIS 90\/DIE GR\u00dcNEN, Kreisgesch\u00e4ftsstelle<\/p>\n\n\n\n<p>Gesch\u00e4ftsf\u00fchrender Vorstand: Dieter Oelke,  Manfred Heinze, Sabine Hirler (Stand April 2020)<\/p>\n\n\n\n<p>Josef-Ludwig-Str. 18, 65549 Limburg an der Lahn<\/p>\n\n\n\n<p><strong>Verbreitung der Inhalte<\/strong><\/p>\n\n\n\n<p>Alle Inhalte von  gruene-runkel.de  werden unter Creative Commons- Lizens ver\u00f6ffendlicht (Nennung des Urhebers, keine kommerzielle Nutzung)<\/p>\n\n\n\n<p><strong>Konzept und Realisation:<\/strong><br>design &amp; kommunikation im modulb\u00fcro, Maik Pluschke M.A.<br>www.modulbuero.de<\/p>\n\n\n\n<p>Haftung f\u00fcr Links:<br>Unser Angebot enth\u00e4lt Links zu externen Webseiten Dritter, auf deren Inhalte wir keinen Einfluss haben. Deshalb k\u00f6nnen wir f\u00fcr diese fremden Inhalte auch keine Gew\u00e4hr \u00fcbernehmen. F\u00fcr die Inhalte der verlinkten Seiten ist stets der jeweilige Anbieter oder Betreiber der Seiten verantwortlich. Die verlinkten Seiten wurden zum Zeitpunkt der Verlinkung auf m\u00f6gliche Rechtsverst\u00f6\u00dfe \u00fcberpr\u00fcft. Rechtswidrige Inhalte waren zum Zeitpunkt der Verlinkung nicht erkennbar. Eine permanente inhaltliche Kontrolle der verlinkten Seiten ist jedoch ohne konkrete Anhaltspunkte einer Rechtsverletzung nicht zumutbar. Bei bekannt werden von Rechtsverletzungen werden wir derartige Links umgehend entfernen.<\/p>\n\n\n\n<p><strong>Datenschutz:<\/strong><br>Der Schutz ihrer pers\u00f6nlichen Daten ist uns wichtig. Aus diesem Grund besch\u00e4ftigen wir einen betrieblichen Datenschutzbeauftragten von SCO-CON:SULT. Bei Fragen wenden Sie sich bitte an datenschutz@gruene-hessen.de. Ihr Anliegen wird so schnell wie m\u00f6glich bearbeitet.<\/p>\n\n\n\n<p>Hier zur <a href=\"https:\/\/gruene-runkel.de\/?page_id=3\" data-type=\"page\" data-id=\"3\">Datenschutzerkl\u00e4rung<\/a> im Einzelnen<\/p>\n\n\n\n<p>Die Gelegenheit zum Kommentieren einiger der auf dieser Webseite ver\u00f6ffentlichten Beitr\u00e4ge soll eine Diskussion der angesprochenen Themen erm\u00f6glichen. Die Kommentare geben die Auffassungen der kommentierenden Personen \u2013 und nicht notwendigerweise die des Landesverbands von B\u00dcNDNIS 90\/DIE GR\u00dcNEN Hessen \u2013 wieder. Wir behalten uns vor, Beitr\u00e4ge und Kommentare ganz oder teilweise zu l\u00f6schen.<\/p>\n\n\n\n<p>Nettiquette<br>An einigen Stellen lebt diese Seite von Ihren Kommentaren und Ihrer Beteiligung. Wir freuen uns \u00fcber Lob, Kritik und spannende Diskussionen. Aber bitte in angemessener Form. Inhaltliche Kritik ist uns willkommen, aber Schm\u00e4hkritik, pers\u00f6nliche Angriffe und Beleidigungen werden nicht geduldet. Links, Werbung, Spam ohne Bezug zum Thema sowie Kommentare, die offensichtlich zwecks Suchmaschinenoptimierung abgegeben werden, sind ebenso unerw\u00fcnscht. F\u00fcr Inhalte auf dieser Seite \u00fcbernehmen wir auch rechtlich eine Mitverantwortung, deshalb l\u00f6schen wir Beitr\u00e4ge, die gegen geltendes deutsches Recht versto\u00dfen.<\/p>\n\n\n\n<p>Wir bitten Sie diese Regeln bei Ihren Kommentaren einzuhalten und freuen uns auf spannende Diskussionen.<\/p>\n\n\n\n<p>Bilder:<br>Eigene, pixelio.de, wikimedia.org, gestureworks.com, unsplash.com<\/p>\n","protected":false},"excerpt":{"rendered":"<p>Dieses Internetangebot wird unterhalten von B\u00dcNDNIS 90\/DIE GR\u00dcNEN OV Runkel Vertreten durch den Fraktionsvorsitzenden Ulrich Eisenberg Postadresse: Br\u00fcckenstr. 12, 65594 Runkel Telefon: 06482\/941090 E-Mail: info@gruene-runkel.de Zur Teilnahme an Streitbeilegungsverfahren sind [&hellip;]<\/p>\n","protected":false},"author":3,"featured_media":0,"parent":0,"menu_order":3,"comment_status":"closed","ping_status":"closed","template":"","meta":{"footnotes":""},"class_list":["post-12","page","type-page","status-publish","hentry"],"jetpack_sharing_enabled":true,"_links":{"self":[{"href":"https:\/\/gruene-runkel.de\/index.php?rest_route=\/wp\/v2\/pages\/12","targetHints":{"allow":["GET"]}}],"collection":[{"href":"https:\/\/gruene-runkel.de\/index.php?rest_route=\/wp\/v2\/pages"}],"about":[{"href":"https:\/\/gruene-runkel.de\/index.php?rest_route=\/wp\/v2\/types\/page"}],"author":[{"embeddable":true,"href":"https:\/\/gruene-runkel.de\/index.php?rest_route=\/wp\/v2\/users\/3"}],"replies":[{"embeddable":true,"href":"https:\/\/gruene-runkel.de\/index.php?rest_route=%2Fwp%2Fv2%2Fcomments&post=12"}],"version-history":[{"count":8,"href":"https:\/\/gruene-runkel.de\/index.php?rest_route=\/wp\/v2\/pages\/12\/revisions"}],"predecessor-version":[{"id":202,"href":"https:\/\/gruene-runkel.de\/index.php?rest_route=\/wp\/v2\/pages\/12\/revisions\/202"}],"wp:attachment":[{"href":"https:\/\/gruene-runkel.de\/index.php?rest_route=%2Fwp%2Fv2%2Fmedia&parent=12"}],"curies":[{"name":"wp","href":"https:\/\/api.w.org\/{rel}","templated":true}]}}